{"id":3982,"date":"2021-09-16T19:36:51","date_gmt":"2021-09-16T19:36:51","guid":{"rendered":"https:\/\/cotos.sociedadcreativati.mx\/?post_type=product&#038;p=3982"},"modified":"2022-06-29T14:51:24","modified_gmt":"2022-06-29T20:51:24","slug":"terraza-viernes-sabado","status":"publish","type":"product","link":"http:\/\/administracion.belonaresidencial.com\/index.php\/producto\/terraza-viernes-sabado\/","title":{"rendered":"Terraza (Viernes &#8211; S\u00e1bado)"},"content":{"rendered":"<p>Reserva de uso de la Terraza por 6 hrs. por d\u00edas.<br \/>\nLa disposici\u00f3n son de 2 d\u00edas al a\u00f1o.<\/p>\n<p><strong>Nota:<\/strong><br \/>\nDebes revisar la disposici\u00f3n del d\u00eda siempre y cuando no tengas adeudos.<\/p>\n","protected":false},"excerpt":{"rendered":"<p>Reserva de uso de la Terraza por 6 hrs. por d\u00edas. La disposici\u00f3n son de 2 d\u00edas al a\u00f1o. Nota: Debes revisar la disposici\u00f3n del d\u00eda siempre y cuando no tengas adeudos.<\/p>\n","protected":false},"featured_media":3691,"comment_status":"open","ping_status":"closed","template":"","meta":[],"product_cat":[111],"product_tag":[],"class_list":{"0":"post-3982","1":"product","2":"type-product","3":"status-publish","4":"has-post-thumbnail","6":"product_cat-reservaciones","8":"first","9":"instock","10":"sold-individually","11":"taxable","12":"shipping-taxable","13":"purchasable","14":"product-type-booking"},"_links":{"self":[{"href":"http:\/\/administracion.belonaresidencial.com\/index.php\/wp-json\/wp\/v2\/product\/3982"}],"collection":[{"href":"http:\/\/administracion.belonaresidencial.com\/index.php\/wp-json\/wp\/v2\/product"}],"about":[{"href":"http:\/\/administracion.belonaresidencial.com\/index.php\/wp-json\/wp\/v2\/types\/product"}],"replies":[{"embeddable":true,"href":"http:\/\/administracion.belonaresidencial.com\/index.php\/wp-json\/wp\/v2\/comments?post=3982"}],"wp:featuredmedia":[{"embeddable":true,"href":"http:\/\/administracion.belonaresidencial.com\/index.php\/wp-json\/wp\/v2\/media\/3691"}],"wp:attachment":[{"href":"http:\/\/administracion.belonaresidencial.com\/index.php\/wp-json\/wp\/v2\/media?parent=3982"}],"wp:term":[{"taxonomy":"product_cat","embeddable":true,"href":"http:\/\/administracion.belonaresidencial.com\/index.php\/wp-json\/wp\/v2\/product_cat?post=3982"},{"taxonomy":"product_tag","embeddable":true,"href":"http:\/\/administracion.belonaresidencial.com\/index.php\/wp-json\/wp\/v2\/product_tag?post=3982"}],"curies":[{"name":"wp","href":"https:\/\/api.w.org\/{rel}","templated":true}]}}